{"id":14,"date":"2025-08-17T01:06:12","date_gmt":"2025-08-17T01:06:12","guid":{"rendered":"https:\/\/agrozinfra.com\/?page_id=14"},"modified":"2025-09-16T00:13:48","modified_gmt":"2025-09-16T00:13:48","slug":"inicio","status":"publish","type":"page","link":"https:\/\/agrozinfra.com\/","title":{"rendered":"Inicio"},"content":{"rendered":"\n<div class=\"wp-block-cover alignfull\" style=\"min-height:720px;aspect-ratio:unset;\"><img loading=\"lazy\" decoding=\"async\" width=\"1024\" height=\"736\" class=\"wp-block-cover__image-background wp-image-59 size-large\" alt=\"\" src=\"https:\/\/agrozinfra.com\/wp-content\/uploads\/2025\/09\/fondo-1-1024x736.jpg\" data-object-fit=\"cover\" srcset=\"https:\/\/agrozinfra.com\/wp-content\/uploads\/2025\/09\/fondo-1-1024x736.jpg 1024w, https:\/\/agrozinfra.com\/wp-content\/uploads\/2025\/09\/fondo-1-300x216.jpg 300w, https:\/\/agrozinfra.com\/wp-content\/uploads\/2025\/09\/fondo-1-768x552.jpg 768w, https:\/\/agrozinfra.com\/wp-content\/uploads\/2025\/09\/fondo-1.jpg 1080w\" sizes=\"auto, (max-width: 1024px) 100vw, 1024px\" \/><span aria-hidden=\"true\" class=\"wp-block-cover__background has-background-dim wp-block-cover__gradient-background has-background-gradient\" style=\"background:linear-gradient(35deg,rgb(249,244,232) 0%,rgb(218,206,124) 54%,rgb(247,247,208) 100%)\"><\/span><div class=\"wp-block-cover__inner-container is-layout-flow wp-block-cover-is-layout-flow\">\n<div class=\"inherit-container-width wp-block-group alignwide is-layout-constrained wp-block-group-is-layout-constrained\">\n<div class=\"wp-block-media-text alignwide has-media-on-the-right is-stacked-on-mobile is-vertically-aligned-center\" style=\"grid-template-columns:auto 43%\"><div class=\"wp-block-media-text__content\">\n<h1 class=\"wp-block-heading has-text-align-left has-ast-global-color-8-color has-text-color\">Bienvenido             a  Veterinaria Firulais<\/h1>\n\n\n\n<p class=\"has-white-color has-text-color has-ast-global-color-8-color has-link-color wp-elements-3596d7e2e396b7d7b86787fb4b6fac5b\"><strong>En Firulais amamos a las mascotas tanto como t\u00fa.     Somos una cl\u00ednica veterinaria dedicada al cuidado integral de perros y gatos, ofreciendo atenci\u00f3n profesional, cari\u00f1o y servicios de calidad.<\/strong>                                                              Tu amigo peludo est\u00e1 en las mejores manos.<\/p>\n\n\n\n<p class=\"has-white-color has-text-color has-ast-global-color-8-color has-link-color wp-elements-05547cdaec4ee550d920005dc31608d8\"><strong>Cuidamos a tu mejor amigo como si fuera nuestro !<\/strong><\/p>\n\n\n\n<div class=\"wp-block-buttons is-layout-flex wp-block-buttons-is-layout-flex\">\n<div class=\"wp-block-button\"><a class=\"wp-block-button__link wp-element-button\" href=\"#\">contacto<\/a><\/div>\n<\/div>\n<\/div><figure class=\"wp-block-media-text__media\"><\/figure><\/div>\n<\/div>\n<\/div><\/div>\n\n\n\n<div class=\"wp-block-group alignfull has-ast-global-color-5-background-color has-background is-layout-constrained wp-container-core-group-is-layout-9cedb757 wp-block-group-is-layout-constrained\" style=\"padding-bottom:0px\">\n<div class=\"wp-block-columns are-vertically-aligned-top is-layout-flex wp-container-core-columns-is-layout-00723822 wp-block-columns-is-layout-flex\">\n<div class=\"wp-block-column is-vertically-aligned-top is-layout-flow wp-container-core-column-is-layout-6b73ce23 wp-block-column-is-layout-flow\">\n<figure class=\"wp-block-image size-full is-resized\"><img loading=\"lazy\" decoding=\"async\" width=\"512\" height=\"512\" src=\"https:\/\/agrozinfra.com\/wp-content\/uploads\/2025\/09\/01.png\" alt=\"\" class=\"wp-image-63\" style=\"width:45px;height:auto\" srcset=\"https:\/\/agrozinfra.com\/wp-content\/uploads\/2025\/09\/01.png 512w, https:\/\/agrozinfra.com\/wp-content\/uploads\/2025\/09\/01-300x300.png 300w, https:\/\/agrozinfra.com\/wp-content\/uploads\/2025\/09\/01-150x150.png 150w\" sizes=\"auto, (max-width: 512px) 100vw, 512px\" \/><\/figure>\n\n\n\n<h3 class=\"wp-block-heading has-text-align-left\" style=\"margin-top:16px\">Consulta veterinaria General<\/h3>\n\n\n\n<p class=\"has-text-align-left\"><\/p>\n\n\n\n<p class=\"has-text-align-left\"><\/p>\n\n\n\n<p><\/p>\n\n\n\n<p><\/p>\n\n\n\n<p><\/p>\n\n\n\n<p><\/p>\n<\/div>\n\n\n\n<div class=\"wp-block-column is-vertically-aligned-top is-layout-flow wp-container-core-column-is-layout-6b73ce23 wp-block-column-is-layout-flow\">\n<figure class=\"wp-block-image size-full is-resized\"><img loading=\"lazy\" decoding=\"async\" width=\"512\" height=\"512\" src=\"https:\/\/agrozinfra.com\/wp-content\/uploads\/2025\/09\/jeringa.png\" alt=\"\" class=\"wp-image-64\" style=\"width:59px;height:auto\" srcset=\"https:\/\/agrozinfra.com\/wp-content\/uploads\/2025\/09\/jeringa.png 512w, https:\/\/agrozinfra.com\/wp-content\/uploads\/2025\/09\/jeringa-300x300.png 300w, https:\/\/agrozinfra.com\/wp-content\/uploads\/2025\/09\/jeringa-150x150.png 150w\" sizes=\"auto, (max-width: 512px) 100vw, 512px\" \/><\/figure>\n\n\n\n<h3 class=\"wp-block-heading has-text-align-left\" style=\"margin-top:16px\">Vacunaci\u00f3n y desparacitaci\u00f3n<\/h3>\n\n\n\n<p class=\"has-text-align-left\"><\/p>\n<\/div>\n\n\n\n<div class=\"wp-block-column is-vertically-aligned-top is-layout-flow wp-container-core-column-is-layout-6b73ce23 wp-block-column-is-layout-flow\">\n<figure class=\"wp-block-image size-large\"><img decoding=\"async\" src=\"https:\/\/agrozinfra.com\/wp-content\/themes\/astra\/inc\/assets\/images\/starter-content\/blog.svg\" alt=\"\" class=\"wp-image-136\"\/><\/figure>\n\n\n\n<h3 class=\"wp-block-heading has-text-align-left\" style=\"margin-top:16px\">Estetica y peluqueria<\/h3>\n\n\n\n<p class=\"has-text-align-left\"><\/p>\n<\/div>\n\n\n\n<div class=\"wp-block-column is-vertically-aligned-top is-layout-flow wp-container-core-column-is-layout-6b73ce23 wp-block-column-is-layout-flow\">\n<figure class=\"wp-block-image size-large\"><img decoding=\"async\" src=\"https:\/\/agrozinfra.com\/wp-content\/themes\/astra\/inc\/assets\/images\/starter-content\/portfolio.svg\" alt=\"\" class=\"wp-image-137\"\/><\/figure>\n\n\n\n<h3 class=\"wp-block-heading has-text-align-left\" style=\"margin-top:16px\">Tienda de alimentos<\/h3>\n\n\n\n<p class=\"has-text-align-left\"><\/p>\n<\/div>\n<\/div>\n<\/div>\n\n\n\n<div class=\"wp-block-group alignfull is-layout-constrained wp-container-core-group-is-layout-45b0ac4f wp-block-group-is-layout-constrained\" id=\"services\" style=\"padding-top:144px;padding-bottom:0px\">\n<h2 class=\"wp-block-heading\">Nuestros Servicios<\/h2>\n\n\n\n<div class=\"wp-block-columns is-layout-flex wp-container-core-columns-is-layout-60cbf9bb wp-block-columns-is-layout-flex\" style=\"margin-top:50px\">\n<div class=\"wp-block-column is-layout-flow wp-container-core-column-is-layout-6b73ce23 wp-block-column-is-layout-flow\">\n<figure class=\"wp-block-gallery has-nested-images columns-default is-cropped wp-block-gallery-1 is-layout-flex wp-block-gallery-is-layout-flex\">\n<figure class=\"wp-block-image size-full\"><img loading=\"lazy\" decoding=\"async\" width=\"1080\" height=\"776\" data-id=\"57\" src=\"https:\/\/agrozinfra.com\/wp-content\/uploads\/2025\/09\/fondo.jpg\" alt=\"\" class=\"wp-image-57\" srcset=\"https:\/\/agrozinfra.com\/wp-content\/uploads\/2025\/09\/fondo.jpg 1080w, https:\/\/agrozinfra.com\/wp-content\/uploads\/2025\/09\/fondo-300x216.jpg 300w, https:\/\/agrozinfra.com\/wp-content\/uploads\/2025\/09\/fondo-1024x736.jpg 1024w, https:\/\/agrozinfra.com\/wp-content\/uploads\/2025\/09\/fondo-768x552.jpg 768w\" sizes=\"auto, (max-width: 1080px) 100vw, 1080px\" \/><\/figure>\n<\/figure>\n\n\n\n<h3 class=\"wp-block-heading\" style=\"margin-top:16px\">Urgencias 24\/7<\/h3>\n\n\n\n<p>Atenci\u00f3n de emergencias a cualquier hora.              Consultas a domicilio para clientes que no pueden trasladar a sus mascotas.<\/p>\n<\/div>\n\n\n\n<div class=\"wp-block-column is-layout-flow wp-container-core-column-is-layout-6b73ce23 wp-block-column-is-layout-flow\">\n<figure class=\"wp-block-image size-full\"><img loading=\"lazy\" decoding=\"async\" width=\"1024\" height=\"1536\" src=\"https:\/\/agrozinfra.com\/wp-content\/uploads\/2025\/08\/Imagen-de-WhatsApp-2025-08-29-a-las-16.41.58_5c5aeb90.jpg\" alt=\"\" class=\"wp-image-50\" srcset=\"https:\/\/agrozinfra.com\/wp-content\/uploads\/2025\/08\/Imagen-de-WhatsApp-2025-08-29-a-las-16.41.58_5c5aeb90.jpg 1024w, https:\/\/agrozinfra.com\/wp-content\/uploads\/2025\/08\/Imagen-de-WhatsApp-2025-08-29-a-las-16.41.58_5c5aeb90-200x300.jpg 200w, https:\/\/agrozinfra.com\/wp-content\/uploads\/2025\/08\/Imagen-de-WhatsApp-2025-08-29-a-las-16.41.58_5c5aeb90-683x1024.jpg 683w, https:\/\/agrozinfra.com\/wp-content\/uploads\/2025\/08\/Imagen-de-WhatsApp-2025-08-29-a-las-16.41.58_5c5aeb90-768x1152.jpg 768w\" sizes=\"auto, (max-width: 1024px) 100vw, 1024px\" \/><\/figure>\n\n\n\n<h3 class=\"wp-block-heading\" style=\"margin-top:16px\">Guarderia y pensi\u00f3n.<\/h3>\n\n\n\n<p>Cuidado temporal de mascotas mientras los due\u00f1os trabajan o viajan.<\/p>\n<\/div>\n\n\n\n<div class=\"wp-block-column is-layout-flow wp-container-core-column-is-layout-6b73ce23 wp-block-column-is-layout-flow\">\n<figure class=\"wp-block-image size-full\"><img loading=\"lazy\" decoding=\"async\" width=\"1024\" height=\"1536\" src=\"https:\/\/agrozinfra.com\/wp-content\/uploads\/2025\/08\/Imagen-de-WhatsApp-2025-08-29-a-las-16.09.05_0fdda795.jpg\" alt=\"\" class=\"wp-image-47\" srcset=\"https:\/\/agrozinfra.com\/wp-content\/uploads\/2025\/08\/Imagen-de-WhatsApp-2025-08-29-a-las-16.09.05_0fdda795.jpg 1024w, https:\/\/agrozinfra.com\/wp-content\/uploads\/2025\/08\/Imagen-de-WhatsApp-2025-08-29-a-las-16.09.05_0fdda795-200x300.jpg 200w, https:\/\/agrozinfra.com\/wp-content\/uploads\/2025\/08\/Imagen-de-WhatsApp-2025-08-29-a-las-16.09.05_0fdda795-683x1024.jpg 683w, https:\/\/agrozinfra.com\/wp-content\/uploads\/2025\/08\/Imagen-de-WhatsApp-2025-08-29-a-las-16.09.05_0fdda795-768x1152.jpg 768w\" sizes=\"auto, (max-width: 1024px) 100vw, 1024px\" \/><\/figure>\n\n\n\n<h3 class=\"wp-block-heading\" style=\"margin-top:16px\">Programas de adopci\u00f3n y campa\u00f1as de esterilizaci\u00f3n.<\/h3>\n\n\n\n<p>Para apoyar a la comunidad, crear conciencia civil y brindar un hogar a las mascotas.<\/p>\n<\/div>\n<\/div>\n<\/div>\n\n\n\n<div class=\"wp-block-group alignfull has-ast-global-color-5-background-color has-background is-layout-constrained wp-container-core-group-is-layout-94d206d0 wp-block-group-is-layout-constrained\" id=\"about\" style=\"padding-top:143px;padding-bottom:144px\">\n<div class=\"wp-block-media-text has-media-on-the-right is-stacked-on-mobile is-vertically-aligned-center\"><div class=\"wp-block-media-text__content\">\n<div class=\"inherit-container-width wp-block-group is-layout-constrained wp-container-core-group-is-layout-47ce07ec wp-block-group-is-layout-constrained\" style=\"padding-right:80px\">\n<h2 class=\"wp-block-heading alignwide has-text-align-center\" style=\"padding-right:40px\">NOSOTROS<\/h2>\n\n\n\n<p>En Firulais creemos que cada mascota merece atenci\u00f3n profesional y mucho amor.<\/p>\n\n\n\n<p>Nuestro equipo esta formado por veterinarios certificados y apasionados por los animales, comprometidos en brindar bienestar, salud y felicidad a cada uno de nuestros pacientes.                   Queremos ser parte de su vida  desde sus primeras vacunas hasta sus a\u00f1os dorados.<\/p>\n<\/div>\n<\/div><figure class=\"wp-block-media-text__media\"><img loading=\"lazy\" decoding=\"async\" width=\"683\" height=\"1024\" src=\"https:\/\/agrozinfra.com\/wp-content\/uploads\/2025\/08\/Imagen-de-WhatsApp-2025-08-29-a-las-16.09.05_0fdda795-2-683x1024.jpg\" alt=\"\" class=\"wp-image-51 size-full\" srcset=\"https:\/\/agrozinfra.com\/wp-content\/uploads\/2025\/08\/Imagen-de-WhatsApp-2025-08-29-a-las-16.09.05_0fdda795-2-683x1024.jpg 683w, https:\/\/agrozinfra.com\/wp-content\/uploads\/2025\/08\/Imagen-de-WhatsApp-2025-08-29-a-las-16.09.05_0fdda795-2-200x300.jpg 200w, https:\/\/agrozinfra.com\/wp-content\/uploads\/2025\/08\/Imagen-de-WhatsApp-2025-08-29-a-las-16.09.05_0fdda795-2-768x1152.jpg 768w, https:\/\/agrozinfra.com\/wp-content\/uploads\/2025\/08\/Imagen-de-WhatsApp-2025-08-29-a-las-16.09.05_0fdda795-2.jpg 1024w\" sizes=\"auto, (max-width: 683px) 100vw, 683px\" \/><\/figure><\/div>\n<\/div>\n\n\n\n<div class=\"wp-block-group alignfull is-layout-constrained wp-container-core-group-is-layout-3fee123f wp-block-group-is-layout-constrained\" id=\"whyus\" style=\"padding-top:144px;padding-bottom:144px\">\n<h2 class=\"wp-block-heading\">Porque elegirnos?<\/h2>\n\n\n\n<div class=\"wp-block-columns is-layout-flex wp-container-core-columns-is-layout-29aadeec wp-block-columns-is-layout-flex\" style=\"margin-top:60px\">\n<div class=\"wp-block-column is-layout-flow wp-container-core-column-is-layout-6b73ce23 wp-block-column-is-layout-flow\">\n<figure class=\"wp-block-image size-large has-custom-border\" style=\"margin-top:0;margin-right:0;margin-bottom:0;margin-left:0\"><img decoding=\"async\" src=\"https:\/\/agrozinfra.com\/wp-content\/themes\/astra\/inc\/assets\/images\/starter-content\/passionate.svg\" alt=\"\" class=\"wp-image-162\" style=\"border-style:none;border-width:0px;border-radius:0px\"\/><\/figure>\n\n\n\n<h3 class=\"wp-block-heading\" style=\"margin-top:16px\">Amor y pasi\u00f3n<\/h3>\n\n\n\n<p>Tenemos un gran amor y pasi\u00f3n por las mascotas.<br>Porque entendemos que ellos son familia no son solo animales, cuidamos su salud y felicidad.<\/p>\n\n\n\n<p><\/p>\n<\/div>\n\n\n\n<div class=\"wp-block-column is-layout-flow wp-container-core-column-is-layout-6b73ce23 wp-block-column-is-layout-flow\">\n<figure class=\"wp-block-image size-large\"><img decoding=\"async\" src=\"https:\/\/agrozinfra.com\/wp-content\/themes\/astra\/inc\/assets\/images\/starter-content\/professional.svg\" alt=\"\" class=\"wp-image-163\"\/><\/figure>\n\n\n\n<h3 class=\"wp-block-heading\" style=\"margin-top:16px\">Servicios<\/h3>\n\n\n\n<p>Consulta veterinaria general. <\/p>\n\n\n\n<p>Vacunaci\u00f3n y desparasitaci\u00f3n.<\/p>\n\n\n\n<p>Est\u00e9tica y peluquer\u00eda.<\/p>\n\n\n\n<p>Tienda de alimentos y accesorios.<\/p>\n\n\n\n<p>Atenci\u00f3n de urgencias.<\/p>\n\n\n\n<p>Esterilizaci\u00f3n y cirug\u00edas menores.<\/p>\n\n\n\n<p>Consulta a domicilio.<\/p>\n<\/div>\n\n\n\n<div class=\"wp-block-column is-layout-flow wp-container-core-column-is-layout-6b73ce23 wp-block-column-is-layout-flow\">\n<figure class=\"wp-block-image size-large\"><img decoding=\"async\" src=\"https:\/\/agrozinfra.com\/wp-content\/themes\/astra\/inc\/assets\/images\/starter-content\/support.svg\" alt=\"\" class=\"wp-image-164\"\/><\/figure>\n\n\n\n<h3 class=\"wp-block-heading\" style=\"margin-top:16px\">Nosotros.<\/h3>\n\n\n\n<p>En Firulais creemos que cada mascota merece atenci\u00f3n profesional y mucho amor.<br>Nuestro equipo est\u00e1 formado por veterinarios certificados y apasionados por los animales, comprometidos en brindar bienestar, salud y felicidad a cada uno de nuestros pacientes.<br>Queremos ser parte de su vida desde sus primeras vacunas hasta sus a\u00f1os dorados.<\/p>\n<\/div>\n<\/div>\n<\/div>\n\n\n\n<div class=\"wp-block-group alignfull has-background is-layout-constrained wp-container-core-group-is-layout-cfcca693 wp-block-group-is-layout-constrained\" id=\"contact\" style=\"background:linear-gradient(35deg,rgb(6,0,151) 0%,rgb(130,4,255) 64%,rgb(193,15,255) 98%);padding-top:104px;padding-bottom:104px\">\n<h2 class=\"wp-block-heading has-text-align-center has-text-color\" style=\"color:#ffffff\">Get a professional website today!<\/h2>\n\n\n\n<div class=\"wp-block-buttons alignwide is-horizontal is-content-justification-center is-layout-flex wp-container-core-buttons-is-layout-bba8380a wp-block-buttons-is-layout-flex\" style=\"margin-top:50px\">\n<div class=\"wp-block-button\"><a class=\"wp-block-button__link wp-element-button\">Make a Website<\/a><\/div>\n<\/div>\n<\/div>\n","protected":false},"excerpt":{"rendered":"<p>Consulta veterinaria General Vacunaci\u00f3n y desparacitaci\u00f3n Estetica y peluqueria Tienda de alimentos Nuestros Servicios Urgencias 24\/7 Atenci\u00f3n de emergencias a [&hellip;]<\/p>\n","protected":false},"author":1,"featured_media":0,"parent":0,"menu_order":0,"comment_status":"closed","ping_status":"closed","template":"","meta":{"site-sidebar-layout":"no-sidebar","site-content-layout":"plain-container","ast-site-content-layout":"default","site-content-style":"default","site-sidebar-style":"default","ast-global-header-display":"","ast-banner-title-visibility":"","ast-main-header-display":"","ast-hfb-above-header-display":"","ast-hfb-below-header-display":"","ast-hfb-mobile-header-display":"","site-post-title":"disabled","ast-breadcrumbs-content":"","ast-featured-img":"","footer-sml-layout":"","theme-transparent-header-meta":"enabled","adv-header-id-meta":"","stick-header-meta":"","header-above-stick-meta":"","header-main-stick-meta":"","header-below-stick-meta":"","astra-migrate-meta-layouts":"default","ast-page-background-enabled":"default","ast-page-background-meta":{"desktop":{"background-color":"var(--ast-global-color-5)","background-image":"","background-repeat":"repeat","background-position":"center center","background-size":"auto","background-attachment":"scroll","background-type":"","background-media":"","overlay-type":"","overlay-color":"","overlay-opacity":"","overlay-gradient":""},"tablet":{"background-color":"","background-image":"","background-repeat":"repeat","background-position":"center center","background-size":"auto","background-attachment":"scroll","background-type":"","background-media":"","overlay-type":"","overlay-color":"","overlay-opacity":"","overlay-gradient":""},"mobile":{"background-color":"","background-image":"","background-repeat":"repeat","background-position":"center center","background-size":"auto","background-attachment":"scroll","background-type":"","background-media":"","overlay-type":"","overlay-color":"","overlay-opacity":"","overlay-gradient":""}},"ast-content-background-meta":{"desktop":{"background-color":"var(--ast-global-color-4)","background-image":"","background-repeat":"repeat","background-position":"center center","background-size":"auto","background-attachment":"scroll","background-type":"","background-media":"","overlay-type":"","overlay-color":"","overlay-opacity":"","overlay-gradient":""},"tablet":{"background-color":"var(--ast-global-color-4)","background-image":"","background-repeat":"repeat","background-position":"center center","background-size":"auto","background-attachment":"scroll","background-type":"","background-media":"","overlay-type":"","overlay-color":"","overlay-opacity":"","overlay-gradient":""},"mobile":{"background-color":"var(--ast-global-color-4)","background-image":"","background-repeat":"repeat","background-position":"center center","background-size":"auto","background-attachment":"scroll","background-type":"","background-media":"","overlay-type":"","overlay-color":"","overlay-opacity":"","overlay-gradient":""}},"footnotes":""},"class_list":["post-14","page","type-page","status-publish","hentry"],"_links":{"self":[{"href":"https:\/\/agrozinfra.com\/index.php\/wp-json\/wp\/v2\/pages\/14","targetHints":{"allow":["GET"]}}],"collection":[{"href":"https:\/\/agrozinfra.com\/index.php\/wp-json\/wp\/v2\/pages"}],"about":[{"href":"https:\/\/agrozinfra.com\/index.php\/wp-json\/wp\/v2\/types\/page"}],"author":[{"embeddable":true,"href":"https:\/\/agrozinfra.com\/index.php\/wp-json\/wp\/v2\/users\/1"}],"replies":[{"embeddable":true,"href":"https:\/\/agrozinfra.com\/index.php\/wp-json\/wp\/v2\/comments?post=14"}],"version-history":[{"count":14,"href":"https:\/\/agrozinfra.com\/index.php\/wp-json\/wp\/v2\/pages\/14\/revisions"}],"predecessor-version":[{"id":69,"href":"https:\/\/agrozinfra.com\/index.php\/wp-json\/wp\/v2\/pages\/14\/revisions\/69"}],"wp:attachment":[{"href":"https:\/\/agrozinfra.com\/index.php\/wp-json\/wp\/v2\/media?parent=14"}],"curies":[{"name":"wp","href":"https:\/\/api.w.org\/{rel}","templated":true}]}}